{"id":14,"date":"2017-11-23T05:13:26","date_gmt":"2017-11-23T05:13:26","guid":{"rendered":"http:\/\/disegmaq.com\/?page_id=14"},"modified":"2019-10-22T00:51:25","modified_gmt":"2019-10-22T00:51:25","slug":"inicio","status":"publish","type":"page","link":"https:\/\/www.disegmaq.com\/","title":{"rendered":"Empresa"},"content":{"rendered":"<p>Especializada en la fabricaci\u00f3n de L\u00edneas y M\u00e1quinas para Industria Alimentaria y Pesquera<\/p>\n<p>\u00a0<\/p>\n<h2><span style=\"color: #003366;\"><strong>Nosotros<\/strong><\/span><\/h2>\n<p>Somos una empresa peruana especializada en la fabricaci\u00f3n de <span style=\"color: #003366;\"><strong>m\u00e1quinas en acero inoxidable<\/strong><\/span> para la industria alimentaria y pesquera.<\/p>\n<p>Tenemos el equipo calificado de <strong><span style=\"color: #003366;\">T\u00e9cnicos e Ingenieros<\/span><\/strong> para poder ofrecerle soluciones a medida, ayud\u00e1ndolo a mejorar los procesos productivos de su empresa.<\/p>\n<p>Contamos con el reconocimiento y preferencia de los m\u00e1s<strong><span style=\"color: #003366;\"> importantes procesadores de pescado<\/span><\/strong>\u00a0del Per\u00fa.<\/p>\n<p><strong><span style=\"color: #003366;\">M\u00e1s de 16 a\u00f1os de trabajo<\/span><\/strong> nos avalan, dise\u00f1ando y fabricando nuevos equipos a medida para nuestros clientes.<\/p>\n<p>Nuestros equipos se encuentran tambi\u00e9n en\u00a0 en el extranjero: Chile, Ecuador, Panam\u00e1 y M\u00e9xico.<\/p>\n<p>\u00a0<\/p>\n<center><\/center><center><\/center><center><\/center>\n<p>\u00a0<\/p>\n\n\n<div class=\"wp-block-image\"><figure class=\"aligncenter\"><img decoding=\"async\" src=\"https:\/\/www.disegmaq.com\/wp-content\/uploads\/2019\/10\/001.png\" alt=\"\" class=\"wp-image-846\" width=\"NaN\" height=\"NaN\" srcset=\"https:\/\/www.disegmaq.com\/wp-content\/uploads\/2019\/10\/001.png 800w, https:\/\/www.disegmaq.com\/wp-content\/uploads\/2019\/10\/001-150x113.png 150w, https:\/\/www.disegmaq.com\/wp-content\/uploads\/2019\/10\/001-300x225.png 300w, https:\/\/www.disegmaq.com\/wp-content\/uploads\/2019\/10\/001-768x576.png 768w\" sizes=\"(max-width: 800px) 100vw, 800px\" \/><\/figure><\/div>\n\n\n\n<div class=\"wp-block-image\"><figure class=\"aligncenter\"><img decoding=\"async\" src=\"https:\/\/www.disegmaq.com\/wp-content\/uploads\/2019\/10\/002.png\" alt=\"\" class=\"wp-image-847\" width=\"NaN\" height=\"NaN\" srcset=\"https:\/\/www.disegmaq.com\/wp-content\/uploads\/2019\/10\/002.png 800w, https:\/\/www.disegmaq.com\/wp-content\/uploads\/2019\/10\/002-150x113.png 150w, https:\/\/www.disegmaq.com\/wp-content\/uploads\/2019\/10\/002-300x225.png 300w, https:\/\/www.disegmaq.com\/wp-content\/uploads\/2019\/10\/002-768x576.png 768w\" sizes=\"(max-width: 800px) 100vw, 800px\" \/><\/figure><\/div>\n","protected":false},"excerpt":{"rendered":"<p>Especializada en la fabricaci\u00f3n de L\u00edneas y M\u00e1quinas para Industria Alimentaria y Pesquera \u00a0 Nosotros Somos una empresa peruana especializada en la fabricaci\u00f3n de m\u00e1quinas en acero inoxidable para la industria alimentaria y pesquera. Tenemos el equipo calificado de T\u00e9cnicos e Ingenieros para poder ofrecerle soluciones a medida, ayud\u00e1ndolo a mejorar los procesos productivos de [&hellip;]<\/p>\n","protected":false},"author":1,"featured_media":0,"parent":0,"menu_order":0,"comment_status":"closed","ping_status":"closed","template":"","meta":{"_monsterinsights_skip_tracking":false,"_monsterinsights_sitenote_active":false,"_monsterinsights_sitenote_note":"","_monsterinsights_sitenote_category":0,"footnotes":""},"class_list":["post-14","page","type-page","status-publish","hentry"],"_links":{"self":[{"href":"https:\/\/www.disegmaq.com\/index.php\/wp-json\/wp\/v2\/pages\/14"}],"collection":[{"href":"https:\/\/www.disegmaq.com\/index.php\/wp-json\/wp\/v2\/pages"}],"about":[{"href":"https:\/\/www.disegmaq.com\/index.php\/wp-json\/wp\/v2\/types\/page"}],"author":[{"embeddable":true,"href":"https:\/\/www.disegmaq.com\/index.php\/wp-json\/wp\/v2\/users\/1"}],"replies":[{"embeddable":true,"href":"https:\/\/www.disegmaq.com\/index.php\/wp-json\/wp\/v2\/comments?post=14"}],"version-history":[{"count":36,"href":"https:\/\/www.disegmaq.com\/index.php\/wp-json\/wp\/v2\/pages\/14\/revisions"}],"predecessor-version":[{"id":951,"href":"https:\/\/www.disegmaq.com\/index.php\/wp-json\/wp\/v2\/pages\/14\/revisions\/951"}],"wp:attachment":[{"href":"https:\/\/www.disegmaq.com\/index.php\/wp-json\/wp\/v2\/media?parent=14"}],"curies":[{"name":"wp","href":"https:\/\/api.w.org\/{rel}","templated":true}]}}